{"id":1184,"date":"2022-03-17T10:58:50","date_gmt":"2022-03-17T10:58:50","guid":{"rendered":"https:\/\/eurofenix.pt\/site\/?page_id=1184"},"modified":"2022-07-12T17:10:53","modified_gmt":"2022-07-12T17:10:53","slug":"portfolio","status":"publish","type":"page","link":"https:\/\/eurofenix.pt\/site\/?page_id=1184","title":{"rendered":"PORTF\u00d3LIO"},"content":{"rendered":"<p>[et_pb_section fb_built=&#8221;1&#8243; _builder_version=&#8221;4.16.1&#8243; _module_preset=&#8221;default&#8221; background_image=&#8221;https:\/\/eurofenix.pt\/site\/wp-content\/uploads\/2022\/03\/pexels-kawser-hamid-176342.jpg&#8221; background_enable_video_mp4=&#8221;off&#8221; global_colors_info=&#8221;{}&#8221;][et_pb_row _builder_version=&#8221;4.16.1&#8243; _module_preset=&#8221;default&#8221; custom_margin=&#8221;||50px||false|false&#8221; global_colors_info=&#8221;{}&#8221;][et_pb_column type=&#8221;4_4&#8243; _builder_version=&#8221;4.16.1&#8243; _module_preset=&#8221;default&#8221; global_colors_info=&#8221;{}&#8221;][et_pb_text _builder_version=&#8221;4.16.1&#8243; _module_preset=&#8221;default&#8221; text_font=&#8221;Nunito|700||on|||||&#8221; text_text_color=&#8221;#2B4141&#8243; text_font_size=&#8221;44px&#8221; text_letter_spacing=&#8221;13px&#8221; text_line_height=&#8221;1.5em&#8221; header_font=&#8221;IBM Plex Mono|600||on|||||&#8221; header_text_color=&#8221;#FFFFFF&#8221; text_orientation=&#8221;center&#8221; width=&#8221;70%&#8221; width_tablet=&#8221;70%&#8221; width_phone=&#8221;90%&#8221; width_last_edited=&#8221;on|phone&#8221; module_alignment=&#8221;center&#8221; custom_margin=&#8221;10px||||false|false&#8221; custom_margin_tablet=&#8221;0px||||false|false&#8221; custom_margin_phone=&#8221;0px||||false|false&#8221; custom_margin_last_edited=&#8221;on|tablet&#8221; custom_padding=&#8221;0px||||false|false&#8221; text_font_size_tablet=&#8221;44px&#8221; text_font_size_phone=&#8221;25px&#8221; text_font_size_last_edited=&#8221;on|phone&#8221; text_letter_spacing_tablet=&#8221;13px&#8221; text_letter_spacing_phone=&#8221;8px&#8221; text_letter_spacing_last_edited=&#8221;on|phone&#8221; global_colors_info=&#8221;{}&#8221;]<\/p>\n<p style=\"text-align: center;\">Portf\u00f3lio<\/p>\n<p>[\/et_pb_text][\/et_pb_column][\/et_pb_row][et_pb_row column_structure=&#8221;1_3,1_3,1_3&#8243; custom_padding_last_edited=&#8221;on|phone&#8221; _builder_version=&#8221;4.16.1&#8243; _module_preset=&#8221;default&#8221; height_tablet=&#8221;945px&#8221; height_phone=&#8221;1020px&#8221; height_last_edited=&#8221;on|phone&#8221; custom_margin=&#8221;||100px||false|false&#8221; custom_margin_tablet=&#8221;||0px||false|false&#8221; custom_margin_phone=&#8221;||0px||false|false&#8221; custom_margin_last_edited=&#8221;on|tablet&#8221; custom_padding=&#8221;0px||0px||false|false&#8221; custom_padding_tablet=&#8221;0px||30px||false|false&#8221; custom_padding_phone=&#8221;0px||30px||false|false&#8221; global_colors_info=&#8221;{}&#8221;][et_pb_column type=&#8221;1_3&#8243; _builder_version=&#8221;4.16.0&#8243; _module_preset=&#8221;default&#8221; background_image=&#8221;https:\/\/eurofenix.pt\/site\/wp-content\/uploads\/2022\/03\/projetos_portifolio.jpg&#8221; overflow-x=&#8221;hidden&#8221; overflow-y=&#8221;hidden&#8221; custom_css_main_element=&#8221;height:400px;&#8221; border_radii=&#8221;on|5px|5px|5px|5px&#8221; global_colors_info=&#8221;{}&#8221;][et_pb_blurb title=&#8221;PROJETOS E DESENVOLVIMENTO T\u00c9CNICO&#8221; use_icon=&#8221;on&#8221; font_icon=&#8221;&#x3e;||divi||400&#8243; icon_color=&#8221;#FB6E12&#8243; image_icon_width=&#8221;35px&#8221; _builder_version=&#8221;4.16.1&#8243; _module_preset=&#8221;default&#8221; header_level=&#8221;h3&#8243; header_font=&#8221;Nunito||||||||&#8221; header_text_color=&#8221;#FFFFFF&#8221; header_font_size=&#8221;18px&#8221; body_font=&#8221;Nunito||||||||&#8221; body_text_color=&#8221;#E6E8E6&#8243; background_color=&#8221;rgba(144,149,144,0.5)&#8221; use_background_color_gradient=&#8221;on&#8221; background_color_gradient_direction=&#8221;0deg&#8221; background_color_gradient_stops=&#8221;rgba(43,65,65,0.85) 0%|rgba(83,99,97,0.74) 60%|rgba(144,149,144,0.53) 100%&#8221; image_icon_custom_margin=&#8221;||-10px||false|false&#8221; text_orientation=&#8221;center&#8221; background_layout=&#8221;dark&#8221; height=&#8221;100%&#8221; custom_margin=&#8221;290px||||false|false&#8221; custom_margin_tablet=&#8221;0px||||false|false&#8221; custom_margin_phone=&#8221;0px||||false|false&#8221; custom_margin_last_edited=&#8221;on|phone&#8221; custom_padding=&#8221;8px|30px|50px|30px|false|true&#8221; custom_padding_tablet=&#8221;50px|50px|50px|50px|true|true&#8221; custom_padding_phone=&#8221;50px|25px|50px|25px|true|true&#8221; custom_padding_last_edited=&#8221;on|phone&#8221; hover_transition_duration=&#8221;600ms&#8221; hover_transition_speed_curve=&#8221;ease-in-out&#8221; link_option_url=&#8221;https:\/\/eurofenix.pt\/site\/projetos&#8221; hover_enabled=&#8221;0&#8243; header_font_size_tablet=&#8221;&#8221; header_font_size_phone=&#8221;18px&#8221; header_font_size_last_edited=&#8221;on|phone&#8221; body_font_size_tablet=&#8221;&#8221; body_font_size_phone=&#8221;12px&#8221; body_font_size_last_edited=&#8221;on|phone&#8221; header_text_shadow_style=&#8221;preset3&#8243; global_colors_info=&#8221;{}&#8221; custom_margin__hover_enabled=&#8221;on|desktop&#8221; custom_margin__hover=&#8221;0px||||false|false&#8221; custom_padding__hover_enabled=&#8221;on|desktop&#8221; custom_padding__hover=&#8221;20px||||false|true&#8221; sticky_enabled=&#8221;0&#8243;]<\/p>\n<p>Estudos e projectos de engenharia para revestimentos e estruturas met\u00e1licas<\/p>\n<p>[\/et_pb_blurb][\/et_pb_column][et_pb_column type=&#8221;1_3&#8243; _builder_version=&#8221;4.16.1&#8243; _module_preset=&#8221;default&#8221; background_image=&#8221;https:\/\/eurofenix.pt\/site\/wp-content\/uploads\/2022\/03\/coberturasMetalicas_portifolio.jpg&#8221; overflow-x=&#8221;hidden&#8221; overflow-y=&#8221;hidden&#8221; custom_css_main_element=&#8221;height:400px;&#8221; border_radii=&#8221;on|5px|5px|5px|5px&#8221; global_colors_info=&#8221;{}&#8221;][et_pb_blurb title=&#8221;COBERTURAS&#8221; use_icon=&#8221;on&#8221; font_icon=&#8221;&#x3e;||divi||400&#8243; icon_color=&#8221;#FB6E12&#8243; image_icon_width=&#8221;35px&#8221; _builder_version=&#8221;4.16.1&#8243; _module_preset=&#8221;default&#8221; header_level=&#8221;h3&#8243; header_font=&#8221;Nunito||||||||&#8221; header_text_color=&#8221;#FFFFFF&#8221; header_line_height=&#8221;1.1em&#8221; body_font=&#8221;Nunito||||||||&#8221; body_text_color=&#8221;#E6E8E6&#8243; background_color=&#8221;rgba(144,149,144,0.5)&#8221; use_background_color_gradient=&#8221;on&#8221; background_color_gradient_direction=&#8221;0deg&#8221; background_color_gradient_stops=&#8221;rgba(43,65,65,0.85) 0%|rgba(83,99,97,0.74) 60%|rgba(144,149,144,0.53) 100%&#8221; image_icon_custom_margin=&#8221;||1px||false|false&#8221; text_orientation=&#8221;center&#8221; background_layout=&#8221;dark&#8221; height=&#8221;100%&#8221; custom_margin=&#8221;290px||||false|false&#8221; custom_margin_tablet=&#8221;0px||||false|false&#8221; custom_margin_phone=&#8221;0px||||false|false&#8221; custom_margin_last_edited=&#8221;on|phone&#8221; custom_padding=&#8221;8px|30px|50px|30px|false|true&#8221; custom_padding_tablet=&#8221;40px|50px|40px|50px|true|true&#8221; custom_padding_phone=&#8221;50px|25px|50px|25px|true|true&#8221; custom_padding_last_edited=&#8221;on|phone&#8221; hover_transition_duration=&#8221;600ms&#8221; hover_transition_speed_curve=&#8221;ease-in-out&#8221; link_option_url=&#8221;https:\/\/eurofenix.pt\/site\/cobertura&#8221; header_font_size_tablet=&#8221;&#8221; header_font_size_phone=&#8221;18px&#8221; header_font_size_last_edited=&#8221;on|phone&#8221; body_font_size_tablet=&#8221;&#8221; body_font_size_phone=&#8221;12px&#8221; body_font_size_last_edited=&#8221;on|phone&#8221; header_text_shadow_style=&#8221;preset3&#8243; global_colors_info=&#8221;{}&#8221; custom_margin__hover_enabled=&#8221;on|desktop&#8221; custom_margin__hover=&#8221;0px||||false|false&#8221; custom_padding__hover_enabled=&#8221;on|desktop&#8221; custom_padding__hover=&#8221;20px||||false|true&#8221;]<\/p>\n<p>Revestimentos de coberturas met\u00e1licas simples, isoladas, impermeabilizadas, tipo deck, engatilhadas tipo kalzip e em vidro.<\/p>\n<p>[\/et_pb_blurb][\/et_pb_column][et_pb_column type=&#8221;1_3&#8243; _builder_version=&#8221;4.16.1&#8243; _module_preset=&#8221;default&#8221; background_image=&#8221;https:\/\/eurofenix.pt\/site\/wp-content\/uploads\/2022\/03\/remodelacao_portifolio.jpg&#8221; overflow-x=&#8221;hidden&#8221; overflow-y=&#8221;hidden&#8221; custom_css_main_element=&#8221;height:400px;&#8221; border_radii=&#8221;on|5px|5px|5px|5px&#8221; global_colors_info=&#8221;{}&#8221;][et_pb_blurb title=&#8221;FACHADAS&#8221; use_icon=&#8221;on&#8221; font_icon=&#8221;&#x3e;||divi||400&#8243; icon_color=&#8221;#FB6E12&#8243; image_icon_width=&#8221;35px&#8221; _builder_version=&#8221;4.16.1&#8243; _module_preset=&#8221;default&#8221; header_level=&#8221;h3&#8243; header_font=&#8221;Nunito||||||||&#8221; header_text_color=&#8221;#FFFFFF&#8221; header_line_height=&#8221;1.1em&#8221; body_font=&#8221;Nunito||||||||&#8221; body_text_color=&#8221;#E6E8E6&#8243; background_color=&#8221;rgba(144,149,144,0.5)&#8221; use_background_color_gradient=&#8221;on&#8221; background_color_gradient_direction=&#8221;0deg&#8221; background_color_gradient_stops=&#8221;rgba(43,65,65,0.85) 0%|rgba(83,99,97,0.74) 60%|rgba(144,149,144,0.53) 100%&#8221; image_icon_custom_margin=&#8221;||1px||false|false&#8221; text_orientation=&#8221;center&#8221; background_layout=&#8221;dark&#8221; width_tablet=&#8221;&#8221; width_phone=&#8221;&#8221; width_last_edited=&#8221;on|phone&#8221; height=&#8221;100%&#8221; custom_margin=&#8221;290px||||false|false&#8221; custom_margin_tablet=&#8221;0px||||false|false&#8221; custom_margin_phone=&#8221;0px||||false|false&#8221; custom_margin_last_edited=&#8221;on|phone&#8221; custom_padding=&#8221;8px|30px|50px|30px|false|true&#8221; custom_padding_tablet=&#8221;20px|50px|20px|50px|true|true&#8221; custom_padding_phone=&#8221;20px|25px|20px|25px|true|true&#8221; custom_padding_last_edited=&#8221;on|desktop&#8221; hover_transition_duration=&#8221;600ms&#8221; hover_transition_speed_curve=&#8221;ease-in-out&#8221; link_option_url=&#8221;https:\/\/eurofenix.pt\/site\/fachadas\/&#8221; header_font_size_tablet=&#8221;&#8221; header_font_size_phone=&#8221;18px&#8221; header_font_size_last_edited=&#8221;on|phone&#8221; body_font_size_tablet=&#8221;&#8221; body_font_size_phone=&#8221;12px&#8221; body_font_size_last_edited=&#8221;on|phone&#8221; header_text_shadow_style=&#8221;preset3&#8243; global_colors_info=&#8221;{}&#8221; custom_margin__hover_enabled=&#8221;on|desktop&#8221; custom_margin__hover=&#8221;0px||||false|false&#8221; custom_padding__hover_enabled=&#8221;on|desktop&#8221; custom_padding__hover=&#8221;20px||||false|true&#8221;]<\/p>\n<p><span style=\"font-weight: 400;\">Revestimentos de fachadas arquitect\u00f3nicas ou industriais de acordo com solu\u00e7\u00f5es desenvolvidas internamente ou projectos de arquitectura externos.<\/span><\/p>\n<p>[\/et_pb_blurb][\/et_pb_column][\/et_pb_row][et_pb_row column_structure=&#8221;1_3,1_3,1_3&#8243; custom_padding_last_edited=&#8221;on|phone&#8221; _builder_version=&#8221;4.16.1&#8243; _module_preset=&#8221;default&#8221; height_tablet=&#8221;945px&#8221; height_phone=&#8221;1020px&#8221; height_last_edited=&#8221;on|phone&#8221; custom_margin=&#8221;||100px||false|false&#8221; custom_margin_tablet=&#8221;||60px||false|false&#8221; custom_margin_phone=&#8221;||60px||false|false&#8221; custom_margin_last_edited=&#8221;on|tablet&#8221; custom_padding=&#8221;0px||0px||false|false&#8221; custom_padding_tablet=&#8221;0px||0px||false|false&#8221; custom_padding_phone=&#8221;||||false|false&#8221; global_colors_info=&#8221;{}&#8221;][et_pb_column type=&#8221;1_3&#8243; _builder_version=&#8221;4.16.1&#8243; _module_preset=&#8221;default&#8221; background_image=&#8221;https:\/\/eurofenix.pt\/site\/wp-content\/uploads\/2022\/03\/9o-Reabilitacao.jpg&#8221; overflow-x=&#8221;hidden&#8221; overflow-y=&#8221;hidden&#8221; custom_css_main_element=&#8221;height:400px;&#8221; border_radii=&#8221;on|5px|5px|5px|5px&#8221; global_colors_info=&#8221;{}&#8221;][et_pb_blurb title=&#8221;REABILITA\u00c7\u00c3O&#8221; use_icon=&#8221;on&#8221; font_icon=&#8221;&#x3e;||divi||400&#8243; icon_color=&#8221;#FB6E12&#8243; image_icon_width=&#8221;35px&#8221; _builder_version=&#8221;4.16.1&#8243; _module_preset=&#8221;default&#8221; header_level=&#8221;h3&#8243; header_font=&#8221;Nunito||||||||&#8221; header_text_color=&#8221;#FFFFFF&#8221; header_line_height=&#8221;1.1em&#8221; body_font=&#8221;Nunito||||||||&#8221; body_text_color=&#8221;#E6E8E6&#8243; background_color=&#8221;rgba(144,149,144,0.5)&#8221; use_background_color_gradient=&#8221;on&#8221; background_color_gradient_direction=&#8221;0deg&#8221; background_color_gradient_stops=&#8221;rgba(43,65,65,0.85) 0%|rgba(83,99,97,0.74) 60%|rgba(144,149,144,0.53) 100%&#8221; image_icon_custom_margin=&#8221;||1px||false|false&#8221; text_orientation=&#8221;center&#8221; background_layout=&#8221;dark&#8221; width_tablet=&#8221;&#8221; width_phone=&#8221;&#8221; width_last_edited=&#8221;on|phone&#8221; height=&#8221;100%&#8221; custom_margin=&#8221;290px||||false|false&#8221; custom_margin_tablet=&#8221;0px||||false|false&#8221; custom_margin_phone=&#8221;0px||||false|false&#8221; custom_margin_last_edited=&#8221;on|phone&#8221; custom_padding=&#8221;8px|30px|50px|30px|false|true&#8221; custom_padding_tablet=&#8221;20px|50px|20px|50px|true|true&#8221; custom_padding_phone=&#8221;20px|25px|20px|25px|true|true&#8221; custom_padding_last_edited=&#8221;on|desktop&#8221; hover_transition_duration=&#8221;600ms&#8221; hover_transition_speed_curve=&#8221;ease-in-out&#8221; link_option_url=&#8221;https:\/\/eurofenix.pt\/site\/reabilitacao&#8221; header_font_size_tablet=&#8221;&#8221; header_font_size_phone=&#8221;18px&#8221; header_font_size_last_edited=&#8221;on|phone&#8221; body_font_size_tablet=&#8221;&#8221; body_font_size_phone=&#8221;12px&#8221; body_font_size_last_edited=&#8221;on|phone&#8221; header_text_shadow_style=&#8221;preset3&#8243; global_colors_info=&#8221;{}&#8221; custom_margin__hover_enabled=&#8221;on|desktop&#8221; custom_margin__hover=&#8221;0px||||false|false&#8221; custom_padding__hover_enabled=&#8221;on|desktop&#8221; custom_padding__hover=&#8221;20px||||false|true&#8221;]<\/p>\n<p><span style=\"font-weight: 400;\">Pelo conhecimento aprofundado dos sistemas existentes aplicados a EUROFENIX posiciona-se como o parceiro ideal para o Dono de Obra estudar e realizar a reabilita\u00e7\u00e3o da sua cobertura ou fachada.\u00a0<\/span><\/p>\n<p>[\/et_pb_blurb][\/et_pb_column][et_pb_column type=&#8221;1_3&#8243; _builder_version=&#8221;4.16.1&#8243; _module_preset=&#8221;default&#8221; background_image=&#8221;https:\/\/eurofenix.pt\/site\/wp-content\/uploads\/2022\/03\/5o-Ventilacao.jpg&#8221; overflow-x=&#8221;hidden&#8221; overflow-y=&#8221;hidden&#8221; custom_css_main_element=&#8221;height:400px;&#8221; border_radii=&#8221;on|5px|5px|5px|5px&#8221; global_colors_info=&#8221;{}&#8221;][et_pb_blurb title=&#8221;VENTILA\u00c7\u00c3O E DESENFUMAGEM&#8221; use_icon=&#8221;on&#8221; font_icon=&#8221;&#x3e;||divi||400&#8243; icon_color=&#8221;#FB6E12&#8243; image_icon_width=&#8221;35px&#8221; _builder_version=&#8221;4.16.1&#8243; _module_preset=&#8221;default&#8221; header_level=&#8221;h3&#8243; header_font=&#8221;Nunito||||||||&#8221; header_text_color=&#8221;#FFFFFF&#8221; header_line_height=&#8221;1.1em&#8221; body_font=&#8221;Nunito||||||||&#8221; body_text_color=&#8221;#E6E8E6&#8243; background_color=&#8221;rgba(144,149,144,0.5)&#8221; use_background_color_gradient=&#8221;on&#8221; background_color_gradient_direction=&#8221;0deg&#8221; background_color_gradient_stops=&#8221;rgba(43,65,65,0.85) 0%|rgba(83,99,97,0.74) 60%|rgba(144,149,144,0.53) 100%&#8221; image_icon_custom_margin=&#8221;||-10px||false|false&#8221; text_orientation=&#8221;center&#8221; background_layout=&#8221;dark&#8221; width_tablet=&#8221;&#8221; width_phone=&#8221;&#8221; width_last_edited=&#8221;on|phone&#8221; height=&#8221;100%&#8221; custom_margin=&#8221;290px||||false|false&#8221; custom_margin_tablet=&#8221;0px||||false|false&#8221; custom_margin_phone=&#8221;0px||||false|false&#8221; custom_margin_last_edited=&#8221;on|phone&#8221; custom_padding=&#8221;8px|30px|50px|30px|false|true&#8221; custom_padding_tablet=&#8221;20px|50px|20px|50px|true|true&#8221; custom_padding_phone=&#8221;20px|25px|20px|25px|true|true&#8221; custom_padding_last_edited=&#8221;on|desktop&#8221; hover_transition_duration=&#8221;600ms&#8221; hover_transition_speed_curve=&#8221;ease-in-out&#8221; link_option_url=&#8221;https:\/\/eurofenix.pt\/site\/ventilacao-natural\/&#8221; hover_enabled=&#8221;0&#8243; header_font_size_tablet=&#8221;&#8221; header_font_size_phone=&#8221;18px&#8221; header_font_size_last_edited=&#8221;on|phone&#8221; body_font_size_tablet=&#8221;&#8221; body_font_size_phone=&#8221;12px&#8221; body_font_size_last_edited=&#8221;on|phone&#8221; header_text_shadow_style=&#8221;preset3&#8243; global_colors_info=&#8221;{}&#8221; custom_margin__hover_enabled=&#8221;on|desktop&#8221; custom_margin__hover=&#8221;0px||||false|false&#8221; custom_padding__hover_enabled=&#8221;on|desktop&#8221; custom_padding__hover=&#8221;20px||||false|true&#8221; header_font_size=&#8221;18px&#8221; sticky_enabled=&#8221;0&#8243;]<\/p>\n<p>Sistemas de ventila\u00e7\u00e3o est\u00e1tica e de desenfumagem em coberturas e fachadas de acordo com a regulamenta\u00e7\u00e3o em vigor.<\/p>\n<p>[\/et_pb_blurb][\/et_pb_column][et_pb_column type=&#8221;1_3&#8243; _builder_version=&#8221;4.16.1&#8243; _module_preset=&#8221;default&#8221; background_image=&#8221;https:\/\/eurofenix.pt\/site\/wp-content\/uploads\/2022\/03\/6o-IluminacaoNatural.jpg&#8221; overflow-x=&#8221;hidden&#8221; overflow-y=&#8221;hidden&#8221; custom_css_main_element=&#8221;height:400px;&#8221; border_radii=&#8221;on|5px|5px|5px|5px&#8221; global_colors_info=&#8221;{}&#8221;][et_pb_blurb title=&#8221;ILUMINA\u00c7\u00c3O NATURAL&#8221; use_icon=&#8221;on&#8221; font_icon=&#8221;&#x3e;||divi||400&#8243; icon_color=&#8221;#FB6E12&#8243; image_icon_width=&#8221;35px&#8221; _builder_version=&#8221;4.16.1&#8243; _module_preset=&#8221;default&#8221; header_level=&#8221;h3&#8243; header_font=&#8221;Nunito||||||||&#8221; header_text_color=&#8221;#FFFFFF&#8221; header_line_height=&#8221;1.1em&#8221; body_font=&#8221;Nunito||||||||&#8221; body_text_color=&#8221;#E6E8E6&#8243; background_color=&#8221;rgba(144,149,144,0.5)&#8221; use_background_color_gradient=&#8221;on&#8221; background_color_gradient_direction=&#8221;0deg&#8221; background_color_gradient_stops=&#8221;rgba(43,65,65,0.85) 0%|rgba(83,99,97,0.74) 60%|rgba(144,149,144,0.53) 100%&#8221; image_icon_custom_margin=&#8221;||1px||false|false&#8221; text_orientation=&#8221;center&#8221; background_layout=&#8221;dark&#8221; height=&#8221;100%&#8221; custom_margin=&#8221;290px||||false|false&#8221; custom_margin_tablet=&#8221;0px||||false|false&#8221; custom_margin_phone=&#8221;0px||||false|false&#8221; custom_margin_last_edited=&#8221;on|phone&#8221; custom_padding=&#8221;8px|30px|50px|30px|false|true&#8221; custom_padding_tablet=&#8221;40px|50px|40px|50px|true|true&#8221; custom_padding_phone=&#8221;50px|25px|50px|25px|true|true&#8221; custom_padding_last_edited=&#8221;on|phone&#8221; hover_transition_duration=&#8221;600ms&#8221; hover_transition_speed_curve=&#8221;ease-in-out&#8221; link_option_url=&#8221;https:\/\/eurofenix.pt\/site\/iluminacao-natural\/&#8221; header_font_size_tablet=&#8221;&#8221; header_font_size_phone=&#8221;18px&#8221; header_font_size_last_edited=&#8221;on|phone&#8221; body_font_size_tablet=&#8221;&#8221; body_font_size_phone=&#8221;12px&#8221; body_font_size_last_edited=&#8221;on|phone&#8221; header_text_shadow_style=&#8221;preset3&#8243; global_colors_info=&#8221;{}&#8221; custom_margin__hover_enabled=&#8221;on|desktop&#8221; custom_margin__hover=&#8221;0px||||false|false&#8221; custom_padding__hover_enabled=&#8221;on|desktop&#8221; custom_padding__hover=&#8221;20px||||false|true&#8221;]<\/p>\n<p>Sistemas de ilumina\u00e7\u00e3o natural em coberturas e fachadas desenvolvendo solu\u00e7\u00f5es \u00e0 medida de cada projecto.<\/p>\n<p>[\/et_pb_blurb][\/et_pb_column][\/et_pb_row][\/et_pb_section]<\/p>\n","protected":false},"excerpt":{"rendered":"<p>Portf\u00f3lioEstudos e projectos de engenharia para revestimentos e estruturas met\u00e1licasRevestimentos de coberturas met\u00e1licas simples, isoladas, impermeabilizadas, tipo deck, engatilhadas tipo kalzip e em vidro.Revestimentos de fachadas arquitect\u00f3nicas ou industriais de acordo com solu\u00e7\u00f5es desenvolvidas internamente ou projectos de arquitectura externos.Pelo conhecimento aprofundado dos sistemas existentes aplicados a EUROFENIX posiciona-se como o parceiro ideal para o [&hellip;]<\/p>\n","protected":false},"author":1,"featured_media":0,"parent":0,"menu_order":0,"comment_status":"closed","ping_status":"open","template":"","meta":{"_et_pb_use_builder":"on","_et_pb_old_content":"","_et_gb_content_width":"","footnotes":""},"class_list":["post-1184","page","type-page","status-publish","hentry"],"_links":{"self":[{"href":"https:\/\/eurofenix.pt\/site\/index.php?rest_route=\/wp\/v2\/pages\/1184","targetHints":{"allow":["GET"]}}],"collection":[{"href":"https:\/\/eurofenix.pt\/site\/index.php?rest_route=\/wp\/v2\/pages"}],"about":[{"href":"https:\/\/eurofenix.pt\/site\/index.php?rest_route=\/wp\/v2\/types\/page"}],"author":[{"embeddable":true,"href":"https:\/\/eurofenix.pt\/site\/index.php?rest_route=\/wp\/v2\/users\/1"}],"replies":[{"embeddable":true,"href":"https:\/\/eurofenix.pt\/site\/index.php?rest_route=%2Fwp%2Fv2%2Fcomments&post=1184"}],"version-history":[{"count":5,"href":"https:\/\/eurofenix.pt\/site\/index.php?rest_route=\/wp\/v2\/pages\/1184\/revisions"}],"predecessor-version":[{"id":2299,"href":"https:\/\/eurofenix.pt\/site\/index.php?rest_route=\/wp\/v2\/pages\/1184\/revisions\/2299"}],"wp:attachment":[{"href":"https:\/\/eurofenix.pt\/site\/index.php?rest_route=%2Fwp%2Fv2%2Fmedia&parent=1184"}],"curies":[{"name":"wp","href":"https:\/\/api.w.org\/{rel}","templated":true}]}}